{"id":42034,"date":"2022-05-09T07:37:13","date_gmt":"2022-05-09T07:37:13","guid":{"rendered":"https:\/\/condoboutiquevacation.iandogroup.com\/sobre-nosotros\/"},"modified":"2024-07-23T15:28:13","modified_gmt":"2024-07-23T15:28:13","slug":"sobre-nosotros","status":"publish","type":"page","link":"https:\/\/condoboutiquevacation.com\/es\/sobre-nosotros\/","title":{"rendered":"Sobre Nosotros"},"content":{"rendered":"\t\t<div data-elementor-type=\"wp-page\" data-elementor-id=\"42034\" class=\"elementor elementor-42034 elementor-37342\" data-elementor-post-type=\"page\">\n\t\t\t\t<div class=\"elementor-element elementor-element-45af1af e-con-full e-flex e-con e-parent\" data-id=\"45af1af\" data-element_type=\"container\" data-settings=\"{&quot;background_background&quot;:&quot;classic&quot;}\">\n\t\t<div class=\"elementor-element elementor-element-1e40140 e-con-full e-flex e-con e-child\" data-id=\"1e40140\" data-element_type=\"container\" data-settings=\"{&quot;background_background&quot;:&quot;classic&quot;}\">\n\t\t<div class=\"elementor-element elementor-element-68a4814 e-con-full e-flex e-con e-child\" data-id=\"68a4814\" data-element_type=\"container\" data-settings=\"{&quot;background_background&quot;:&quot;classic&quot;}\">\n\t\t\t\t<div class=\"elementor-element elementor-element-357c3ba elementor-widget__width-inherit elementor-widget-mobile__width-inherit elementor-widget elementor-widget-heading\" data-id=\"357c3ba\" data-element_type=\"widget\" data-widget_type=\"heading.default\">\n\t\t\t\t<div class=\"elementor-widget-container\">\n\t\t\t<style>\/*! elementor - v3.23.0 - 23-07-2024 *\/\n.elementor-heading-title{padding:0;margin:0;line-height:1}.elementor-widget-heading .elementor-heading-title[class*=elementor-size-]>a{color:inherit;font-size:inherit;line-height:inherit}.elementor-widget-heading .elementor-heading-title.elementor-size-small{font-size:15px}.elementor-widget-heading .elementor-heading-title.elementor-size-medium{font-size:19px}.elementor-widget-heading .elementor-heading-title.elementor-size-large{font-size:29px}.elementor-widget-heading .elementor-heading-title.elementor-size-xl{font-size:39px}.elementor-widget-heading .elementor-heading-title.elementor-size-xxl{font-size:59px}<\/style><h2 class=\"elementor-heading-title elementor-size-default\">Condo Boutique<br>Vacation<\/h2>\t\t<\/div>\n\t\t\t\t<\/div>\n\t\t\t\t<div class=\"elementor-element elementor-element-4c7549f elementor-widget elementor-widget-text-editor\" data-id=\"4c7549f\" data-element_type=\"widget\" data-widget_type=\"text-editor.default\">\n\t\t\t\t<div class=\"elementor-widget-container\">\n\t\t\t<style>\/*! elementor - v3.23.0 - 23-07-2024 *\/\n.elementor-widget-text-editor.elementor-drop-cap-view-stacked .elementor-drop-cap{background-color:#69727d;color:#fff}.elementor-widget-text-editor.elementor-drop-cap-view-framed .elementor-drop-cap{color:#69727d;border:3px solid;background-color:transparent}.elementor-widget-text-editor:not(.elementor-drop-cap-view-default) .elementor-drop-cap{margin-top:8px}.elementor-widget-text-editor:not(.elementor-drop-cap-view-default) .elementor-drop-cap-letter{width:1em;height:1em}.elementor-widget-text-editor .elementor-drop-cap{float:left;text-align:center;line-height:1;font-size:50px}.elementor-widget-text-editor .elementor-drop-cap-letter{display:inline-block}<\/style>\t\t\t\t<p>\u00bfAlguna vez te has preguntado qu\u00e9 hace que la Riviera Maya sea un lugar \u00fanico y m\u00e1gico? \u00a1Descubre los sabores locales de la comida mexicana m\u00e1s deliciosa, las antiguas ruinas mayas, las m\u00e1gicas selvas, las playas de color azul cristalino, los m\u00edsticos cenotes y los r\u00edos subterr\u00e1neos!<\/p>\n<p>\u00a1Condo Boutique te da la bienvenida a vivir las vacaciones de tus sue\u00f1os! Disfruta de las maravillosas maravillas que el destino Riviera Maya tiene para ofrecerte aloj\u00e1ndote en cualquiera de nuestros exclusivos apartamentos.<\/p>\n<p>\u00a0<\/p>\n\t\t\t\t\t\t<\/div>\n\t\t\t\t<\/div>\n\t\t\t\t<\/div>\n\t\t<div class=\"elementor-element elementor-element-7f5e441 e-con-full e-flex e-con e-child\" data-id=\"7f5e441\" data-element_type=\"container\" data-settings=\"{&quot;background_background&quot;:&quot;classic&quot;}\">\n\t\t<div class=\"elementor-element elementor-element-3857251 e-flex e-con-boxed e-con e-child\" data-id=\"3857251\" data-element_type=\"container\" data-settings=\"{&quot;background_background&quot;:&quot;classic&quot;}\">\n\t\t\t\t\t<div class=\"e-con-inner\">\n\t\t\t\t\t<\/div>\n\t\t\t\t<\/div>\n\t\t\t\t<\/div>\n\t\t\t\t<\/div>\n\t\t\t\t<\/div>\n\t\t<div class=\"elementor-element elementor-element-f3cf6d1 e-con-full e-flex e-con e-parent\" data-id=\"f3cf6d1\" data-element_type=\"container\" data-settings=\"{&quot;background_background&quot;:&quot;classic&quot;}\">\n\t\t<div class=\"elementor-element elementor-element-4d26df7 e-con-full e-flex e-con e-child\" data-id=\"4d26df7\" data-element_type=\"container\">\n\t\t<div class=\"elementor-element elementor-element-c47c77c e-con-full e-flex e-con e-child\" data-id=\"c47c77c\" data-element_type=\"container\" data-settings=\"{&quot;background_background&quot;:&quot;classic&quot;}\">\n\t\t<div class=\"elementor-element elementor-element-a4cc107 e-flex e-con-boxed e-con e-child\" data-id=\"a4cc107\" data-element_type=\"container\" data-settings=\"{&quot;background_background&quot;:&quot;classic&quot;}\">\n\t\t\t\t\t<div class=\"e-con-inner\">\n\t\t\t\t\t<\/div>\n\t\t\t\t<\/div>\n\t\t\t\t<\/div>\n\t\t<div class=\"elementor-element elementor-element-db6ef2c e-con-full e-flex e-con e-child\" data-id=\"db6ef2c\" data-element_type=\"container\" data-settings=\"{&quot;background_background&quot;:&quot;classic&quot;}\">\n\t\t\t\t<div class=\"elementor-element elementor-element-3de95f5 elementor-widget__width-inherit elementor-widget-mobile__width-inherit elementor-widget elementor-widget-heading\" data-id=\"3de95f5\" data-element_type=\"widget\" data-widget_type=\"heading.default\">\n\t\t\t\t<div class=\"elementor-widget-container\">\n\t\t\t<h2 class=\"elementor-heading-title elementor-size-default\">Cont\u00e1ctanos en cualquier momento. <br>Estamos aqu\u00ed.<\/h2>\t\t<\/div>\n\t\t\t\t<\/div>\n\t\t\t\t<div class=\"elementor-element elementor-element-dc19947 elementor-button-align-stretch elementor-widget elementor-widget-WpRentals_Contact_Form_Builder\" data-id=\"dc19947\" data-element_type=\"widget\" data-widget_type=\"WpRentals_Contact_Form_Builder.default\">\n\t\t\t\t<div class=\"elementor-widget-container\">\n\t\t\t\n\n\n\n\n\t\t\t<form class=\"elementor-form wprentals_elementor_form\"  id=\"wprentals-elementor-form-dc19947\" method=\"post\" >\n            <div id=\"booking_form_request_mess_modal\"><\/div>\n\n            <input name=\"prop_id\" type=\"hidden\"  id=\"contact_form_elementor\" value=\"1\">\n            <input type=\"hidden\" name=\"contact_ajax_nonce\" id=\"agent_property_ajax_nonce\"  value=\"1ffbf077f4\" \/>\n\n            <input type=\"hidden\" id=\"elementor_email_subject\" name=\"email_suject\" value=\"New email from About Page\" \/>\n\n\t\t\t\t\t\t<div class=\"elementor-form-fields-wrapper elementor-labels-above\">\n\t\t\t\t\t\t\t\t<div class=\"elementor-field-group elementor-column form-group elementor-field-group-name elementor-col-50\"><label for=\"form-field-name\" class=\"elementor-field-label elementor-screen-only\">Name<\/label><input type=\"text\" name=\"name\" id=\"rentals_contact_builder_name\" class=\"elementor-field form-control elementor-size-sm elementor-field-textual\" placeholder=\"Name\"><\/div><div class=\"elementor-field-group elementor-column form-group elementor-field-group-f3d6a5a elementor-col-50\"><label for=\"form-field-f3d6a5a\" class=\"elementor-field-label elementor-screen-only\">mobile<\/label><input type=\"text\" name=\"mobile\" id=\"rentals_contact_builder_mobile\" class=\"elementor-field form-control elementor-size-sm elementor-field-textual\" placeholder=\"Mobile Number\"><\/div><div class=\"elementor-field-group elementor-column form-group elementor-field-group-email elementor-field-required elementor-col-50\"><label for=\"form-field-email\" class=\"elementor-field-label elementor-screen-only\">Email*<\/label><input type=\"email\" name=\"email\" id=\"rentals_contact_builder_email\" class=\"elementor-field form-control elementor-size-sm elementor-field-textual\" required=\"required\" placeholder=\"Email\"><\/div><div class=\"elementor-field-group elementor-column form-group elementor-field-group-e7b3924 elementor-col-50\"><label for=\"form-field-e7b3924\" class=\"elementor-field-label elementor-screen-only\">Guests<\/label><input type=\"text\" name=\"guests\" id=\"rentals_contact_builder_guests\" class=\"elementor-field form-control elementor-size-sm elementor-field-textual\" placeholder=\"Guests Number\"><\/div><div class=\"elementor-field-group elementor-column form-group elementor-field-group-booking_from_date elementor-field-required elementor-col-50\"><label for=\"form-field-booking_from_date\" class=\"elementor-field-label elementor-screen-only\">Check In*<\/label><input type=\"text\" name=\"booking_from_date\" id=\"rentals_contact_builder_booking_from_date\" class=\"elementor-field form-control elementor-size-sm elementor-field-textual\" required=\"required\" placeholder=\"Check In\"><\/div><div class=\"elementor-field-group elementor-column form-group elementor-field-group-33e7c46 elementor-field-required elementor-col-50\"><label for=\"form-field-33e7c46\" class=\"elementor-field-label elementor-screen-only\">Check Out*<\/label><input type=\"text\" name=\"booking_to_date\" id=\"rentals_contact_builder_booking_to_date\" class=\"elementor-field form-control elementor-size-sm elementor-field-textual\" required=\"required\" placeholder=\"Check Out\"><\/div><div class=\"elementor-field-group elementor-column form-group elementor-field-group-message elementor-col-100\"><label for=\"form-field-message\" class=\"elementor-field-label elementor-screen-only\">Message<\/label><textarea class=\"form-control elementor-field-textual elementor-field elementor-size-sm\" name=\"message\" id=\"form-field-message\" rows=\"4\" placeholder=\"Message\"><\/textarea><\/div>\n\t\t\t\t\t\t\t\t<div class=\"elementor-field-group elementor-column elementor-field-type-submit elementor-col-100\">\n\t\t\t\t\t\t\t\t\t\t\t\t\t\t\t\t\t\t<button type=\"submit\" class=\"agent_submit_class_elementor wpresidence_button wprentals_button_elementor elementor-button elementor-size-md\">\n\t\t\t\t\t\t\t\t\t\t\t\t\t\t\t\t\t\t\t\t\t\t\t\tSend Email\t\t\t\t\t\t\t\t\t\t\t\t\t\t\t\t\t\t\t\t<\/button>\n\n\t\t\t\t\t\t\t\t<\/div>\n\t\t\t\t\t\t<\/div>\n\n\n\n\t\t\t\t<\/form>\n        <script>\n\n            jQuery(document).ready(function() {\n           \n                jQuery('input[name=\"booking_from_date\"]').each(function(){             \n                    var item_parent =   jQuery(this).parent().parent();\n                    var in_date     =   item_parent.find('input[name=\"booking_from_date\"]') .attr('id');\n                    var out_date    =   item_parent.find('input[name=\"booking_to_date\"]') .attr('id');\n                    console.log('in_date : '+in_date +\" out_date \"+out_date);\n                    wpestaste_check_in_out_enable_new(in_date, out_date);\n                    \n                });\n                wprentals_elementor_submit_form();\n            });\n        <\/script>\n\n\n\n    \t\t<\/div>\n\t\t\t\t<\/div>\n\t\t\t\t<\/div>\n\t\t\t\t<\/div>\n\t\t\t\t<\/div>\n\t\t<div class=\"elementor-element elementor-element-806609b e-flex e-con-boxed e-con e-parent\" data-id=\"806609b\" data-element_type=\"container\" data-settings=\"{&quot;background_background&quot;:&quot;classic&quot;}\">\n\t\t\t\t\t<div class=\"e-con-inner\">\n\t\t<div class=\"elementor-element elementor-element-826c7cf e-con-full e-flex e-con e-child\" data-id=\"826c7cf\" data-element_type=\"container\">\n\t\t\t\t<\/div>\n\t\t\t\t\t<\/div>\n\t\t\t\t<\/div>\n\t\t\t\t<\/div>\n\t\t","protected":false},"excerpt":{"rendered":"<p>Condo BoutiqueVacation \u00bfAlguna vez te has preguntado qu\u00e9 hace que la Riviera Maya sea un lugar \u00fanico y m\u00e1gico? \u00a1Descubre los sabores locales de la comida mexicana m\u00e1s deliciosa, las antiguas ruinas mayas, las m\u00e1gicas selvas, las playas de color azul cristalino, los m\u00edsticos cenotes y los r\u00edos subterr\u00e1neos! \u00a1Condo Boutique te da la bienvenida &#8230;<\/p>\n","protected":false},"author":1,"featured_media":0,"parent":0,"menu_order":0,"comment_status":"closed","ping_status":"closed","template":"elementor_header_footer","meta":{"inline_featured_image":false,"footnotes":""},"class_list":["post-42034","page","type-page","status-publish","hentry"],"_links":{"self":[{"href":"https:\/\/condoboutiquevacation.com\/es\/wp-json\/wp\/v2\/pages\/42034","targetHints":{"allow":["GET"]}}],"collection":[{"href":"https:\/\/condoboutiquevacation.com\/es\/wp-json\/wp\/v2\/pages"}],"about":[{"href":"https:\/\/condoboutiquevacation.com\/es\/wp-json\/wp\/v2\/types\/page"}],"author":[{"embeddable":true,"href":"https:\/\/condoboutiquevacation.com\/es\/wp-json\/wp\/v2\/users\/1"}],"replies":[{"embeddable":true,"href":"https:\/\/condoboutiquevacation.com\/es\/wp-json\/wp\/v2\/comments?post=42034"}],"version-history":[{"count":11,"href":"https:\/\/condoboutiquevacation.com\/es\/wp-json\/wp\/v2\/pages\/42034\/revisions"}],"predecessor-version":[{"id":42080,"href":"https:\/\/condoboutiquevacation.com\/es\/wp-json\/wp\/v2\/pages\/42034\/revisions\/42080"}],"wp:attachment":[{"href":"https:\/\/condoboutiquevacation.com\/es\/wp-json\/wp\/v2\/media?parent=42034"}],"curies":[{"name":"wp","href":"https:\/\/api.w.org\/{rel}","templated":true}]}}